{"id":2,"date":"2016-05-10T03:48:21","date_gmt":"2016-05-10T03:48:21","guid":{"rendered":"http:\/\/lina-offergeld.de\/?page_id=2"},"modified":"2020-04-08T09:12:17","modified_gmt":"2020-04-08T09:12:17","slug":"sample-page","status":"publish","type":"page","link":"https:\/\/lina-offergeld.de\/?page_id=2","title":{"rendered":"Impressum"},"content":{"rendered":"<div  class=\"one withsmallpadding ppb_header \" style=\"text-align:left;padding:30px 0 30px 0;\" >\n<div class=\"standard_wrapper\">\n<div class=\"page_content_wrapper\">\n<div class=\"inner\">\n<div style=\"margin:auto;width:100%\">\n<h2 class=\"ppb_title\" style=\"\">Impressum<\/h2>\n<\/div>\n<\/div>\n<\/div>\n<\/div>\n<\/div>\n<div  class=\"one withsmallpadding ppb_text\" style=\"padding:30px 0 30px 0;\" >\n<div class=\"standard_wrapper\">\n<div class=\"page_content_wrapper\">\n<div class=\"inner\">\n<div style=\"margin:auto;width:100%\">\n<div id=\"anchor_1f9cceea_Verantwortlich-fuer-den-Inhalt\" class=\"elementStandard elementHeadline elementHeadline_var0\" style=\"font-weight: 300; color: #848484;\"><\/div>\n<div class=\"elementStandard elementText\" style=\"font-weight: 300; color: #848484;\">\n<h2 id=\"anchor_1f9cceea_Verantwortlich-fuer-den-Inhalt\" class=\"elementStandard elementHeadline elementHeadline_var0\"><span style=\"color: #ffffff;\">Verantwortlich f\u00fcr den Inhalt<\/span><\/h2>\n<div class=\"elementStandard elementText\"><span style=\"color: #ffffff;\">Heartdesign \u2013 Werbung und Fotografie<\/span><br \/>\n<span style=\"color: #ffffff;\">Haarener Stra\u00dfe 31<\/span><br \/>\n<span style=\"color: #ffffff;\">33178\u00a0Borchen<\/span><br \/>\n<span style=\"color: #ffffff;\">Deutschland<br \/>\nTelefon: 0 15 2\u00a0\/ 26 35\u00a047\u00a056\u00a0<\/span><br \/>\n<span style=\"color: #ffffff;\"><a style=\"color: #ffffff;\" title=\"info@bowlingcenter-new-orleans.de\" href=\"mailto:info@bowlingcenter-new-orleans.de\" target=\"_blank\" rel=\"noopener noreferrer\">E-Mail:\u00a0o<\/a>ffergeld@heartdesign-werbung.de<\/span><\/div>\n<div class=\"elementStandard elementText\"><span style=\"color: #ffffff;\">Gesch\u00e4ftsf\u00fchrer:\u00a0Lina Offergeld<\/span><\/div>\n<div class=\"elementStandard elementText\"><span style=\"color: #ffffff;\">Der Inhaber der Domain \u00fcbernimmt keine Gew\u00e4hr f\u00fcr die Fehlerfreiheit von Daten und Software, die von den Internetseiten heruntergeladen werden k\u00f6nnen. Die Software wird von dem Inhaber der Domain auf Virenbefall \u00fcberpr\u00fcft. Wir empfehlen dennoch, Daten und Software nach dem Herunterladen auf Virenbefall mit jeweils neuster Virensuchsoftware zu pr\u00fcfen.<\/span><\/div>\n<\/div>\n<\/div>\n<\/div>\n<\/div>\n<\/div>\n<\/div>\n<div  class=\"one withsmallpadding ppb_text\" style=\"padding:30px 0 30px 0;\" >\n<div class=\"standard_wrapper\">\n<div class=\"page_content_wrapper\">\n<div class=\"inner\">\n<div style=\"margin:auto;width:100%\">\n<h4>Realisierung<\/h4>\n<p>Heartdesign \u2013 Werbung und Fotografie<\/p>\n<h4>Urheberrechte und sonstige Sonderschutzrechte<\/h4>\n<p>Der Inhalt dieser Internetseiten ist urheberrechtlich gesch\u00fctzt. Es darf eine Kopie der Informationen der Internetseiten auf einem einzigen Computer f\u00fcr den nicht-kommerziellen und pers\u00f6nlichen internen Gebrauch gespeichert werden. Grafiken, Texte, Logos, Bilder usw. d\u00fcrfen nur nach schriftlicher Genehmigung durch den Inhaber der Webseite heruntergeladen, vervielf\u00e4ltigt, kopiert, ge\u00e4ndert, ver\u00f6ffentlicht, versendet, \u00fcbertragen oder in sonstiger Form genutzt werden. Bei genannten Produkt- und Firmennamen kann es sich um eingetragene Warenzeichen oder Marken handeln. Die unberechtigte Verwendung kann zu Schadensersatzanspr\u00fcchen und Unterlassungsanspr\u00fcchen f\u00fchren.<\/p>\n<h4>Herunterladen von Daten und Software<\/h4>\n<p>Der Inhaber der Webseite \u00fcbernimmt keine Gew\u00e4hr f\u00fcr die Fehlerfreiheit von Daten und Software, die von den Internetseiten heruntergeladen werden k\u00f6nnen. Die Software wird von dem Inhaber der Webseite auf Virenbefall \u00fcberpr\u00fcft. Wir empfehlen dennoch, Daten und Software nach dem Herunterladen auf Virenbefall mit jeweils neuster Virensuchsoftware zu pr\u00fcfen.<\/p>\n<h4>Schutz pers\u00f6nlicher Daten und Vertraulichkeit<\/h4>\n<p>Es kann nicht garantiert werden, dass Informationen oder pers\u00f6nliche Daten, die uns \u00fcbermittelt werden, bei der \u00dcbermittlung nicht von Dritten \u201eabgeh\u00f6rt\u201c werden.<\/p>\n<h4>Haftung<\/h4>\n<p>Der Inhaber der Webseite haftet nicht f\u00fcr Sch\u00e4den insbesondere nicht f\u00fcr unmittelbare oder mittelbare Folgesch\u00e4den, Datenverlust, entgangenen Gewinn, System- oder Produktionsausf\u00e4lle, die durch die Nutzung dieser Internetseiten oder das Herunterladen von Daten entstehen. Liegt bei einem entstandenen Schaden durch die Nutzung der Internetseiten oder das Herunterladen von Daten Vorsatz oder grobe Fahrl\u00e4ssigkeit vor, gilt der Haftungsausschlu\u00df nicht. Die durch die Nutzung der Internetseiten entstandene Rechtsbeziehung zwischen Ihnen und dem Inhaber der Webseite unterliegt dem Recht der Bundesrepublik Deutschland. Bei Rechtsstreitigkeiten mit Vollkaufleuten, die aus der Nutzung dieser Internetseiten resultieren, ist der Gerichtsstand der Sitz des Inhabers der Webseite.<\/p>\n<\/div>\n<\/div>\n<\/div>\n<\/div>\n<\/div>\n","protected":false},"excerpt":{"rendered":"","protected":false},"author":1,"featured_media":0,"parent":0,"menu_order":0,"comment_status":"closed","ping_status":"open","template":"","meta":{"footnotes":""},"_links":{"self":[{"href":"https:\/\/lina-offergeld.de\/index.php?rest_route=\/wp\/v2\/pages\/2"}],"collection":[{"href":"https:\/\/lina-offergeld.de\/index.php?rest_route=\/wp\/v2\/pages"}],"about":[{"href":"https:\/\/lina-offergeld.de\/index.php?rest_route=\/wp\/v2\/types\/page"}],"author":[{"embeddable":true,"href":"https:\/\/lina-offergeld.de\/index.php?rest_route=\/wp\/v2\/users\/1"}],"replies":[{"embeddable":true,"href":"https:\/\/lina-offergeld.de\/index.php?rest_route=%2Fwp%2Fv2%2Fcomments&post=2"}],"version-history":[{"count":10,"href":"https:\/\/lina-offergeld.de\/index.php?rest_route=\/wp\/v2\/pages\/2\/revisions"}],"predecessor-version":[{"id":6560,"href":"https:\/\/lina-offergeld.de\/index.php?rest_route=\/wp\/v2\/pages\/2\/revisions\/6560"}],"wp:attachment":[{"href":"https:\/\/lina-offergeld.de\/index.php?rest_route=%2Fwp%2Fv2%2Fmedia&parent=2"}],"curies":[{"name":"wp","href":"https:\/\/api.w.org\/{rel}","templated":true}]}}